{"id":137,"date":"2019-10-28T20:00:45","date_gmt":"2019-10-28T20:00:45","guid":{"rendered":"https:\/\/x-theme.net\/avas-business\/?page_id=137"},"modified":"2025-06-25T12:45:21","modified_gmt":"2025-06-25T09:45:21","slug":"kataloglar","status":"publish","type":"page","link":"https:\/\/entasend.com\/en\/kataloglar\/","title":{"rendered":"CATALOGS"},"content":{"rendered":"<div data-elementor-type=\"wp-page\" data-elementor-id=\"137\" class=\"elementor elementor-137\">\n\t\t\t\t\t\t<section class=\"elementor-section elementor-top-section elementor-element elementor-element-2b56765 elementor-section-stretched elementor-section-boxed elementor-section-height-default elementor-section-height-default\" data-id=\"2b56765\" data-element_type=\"section\" data-e-type=\"section\" data-settings=\"{&quot;stretch_section&quot;:&quot;section-stretched&quot;,&quot;background_background&quot;:&quot;classic&quot;}\">\n\t\t\t\t\t\t<div class=\"elementor-container elementor-column-gap-default\">\n\t\t\t\t\t<div class=\"elementor-column elementor-col-50 elementor-top-column elementor-element elementor-element-e004f9d\" data-id=\"e004f9d\" data-element_type=\"column\" data-e-type=\"column\">\n\t\t\t<div class=\"elementor-widget-wrap elementor-element-populated\">\n\t\t\t\t\t\t<div class=\"elementor-element elementor-element-f253947 elementor-widget elementor-widget-heading\" data-id=\"f253947\" data-element_type=\"widget\" data-e-type=\"widget\" data-widget_type=\"heading.default\">\n\t\t\t\t<div class=\"elementor-widget-container\">\n\t\t\t\t\t<h2 class=\"elementor-heading-title elementor-size-default\">Get a Special Offer for Your Company<\/h2>\t\t\t\t<\/div>\n\t\t\t\t<\/div>\n\t\t\t\t\t<\/div>\n\t\t<\/div>\n\t\t\t\t<div class=\"elementor-column elementor-col-50 elementor-top-column elementor-element elementor-element-1cf9b81\" data-id=\"1cf9b81\" data-element_type=\"column\" data-e-type=\"column\">\n\t\t\t<div class=\"elementor-widget-wrap elementor-element-populated\">\n\t\t\t\t\t\t<div class=\"elementor-element elementor-element-3ae341a elementor-align-right elementor-mobile-align-center elementor-widget elementor-widget-button\" data-id=\"3ae341a\" data-element_type=\"widget\" data-e-type=\"widget\" data-widget_type=\"button.default\">\n\t\t\t\t<div class=\"elementor-widget-container\">\n\t\t\t\t\t\t\t\t\t<div class=\"elementor-button-wrapper\">\n\t\t\t\t\t<a class=\"elementor-button elementor-button-link elementor-size-sm elementor-animation-skew-forward\" href=\"https:\/\/entasend.com\/en\/iletisim\/\">\n\t\t\t\t\t\t<span class=\"elementor-button-content-wrapper\">\n\t\t\t\t\t\t<span class=\"elementor-button-icon\">\n\t\t\t\t<svg aria-hidden=\"true\" class=\"e-font-icon-svg e-fas-long-arrow-alt-right\" viewbox=\"0 0 448 512\" xmlns=\"http:\/\/www.w3.org\/2000\/svg\"><path d=\"M313.941 216H12c-6.627 0-12 5.373-12 12v56c0 6.627 5.373 12 12 12h301.941v46.059c0 21.382 25.851 32.09 40.971 16.971l86.059-86.059c9.373-9.373 9.373-24.569 0-33.941l-86.059-86.059c-15.119-15.119-40.971-4.411-40.971 16.971V216z\"><\/path><\/svg>\t\t\t<\/span>\n\t\t\t\t\t\t\t\t\t<span class=\"elementor-button-text\">CONTACT US<\/span>\n\t\t\t\t\t<\/span>\n\t\t\t\t\t<\/a>\n\t\t\t\t<\/div>\n\t\t\t\t\t\t\t\t<\/div>\n\t\t\t\t<\/div>\n\t\t\t\t\t<\/div>\n\t\t<\/div>\n\t\t\t\t\t<\/div>\n\t\t<\/section>\n\t\t<div class=\"elementor-element elementor-element-5aa5fb2 e-con-full e-flex e-con e-parent\" data-id=\"5aa5fb2\" data-element_type=\"container\" data-e-type=\"container\">\n\t\t<div class=\"elementor-element elementor-element-e838f0f e-con-full e-flex e-con e-child\" data-id=\"e838f0f\" data-element_type=\"container\" data-e-type=\"container\">\n\t\t\t\t<div class=\"elementor-element elementor-element-980950d elementor-widget elementor-widget-avas-image\" data-id=\"980950d\" data-element_type=\"widget\" data-e-type=\"widget\" data-widget_type=\"avas-image.default\">\n\t\t\t\t<div class=\"elementor-widget-container\">\n\t\t\t\t\t\t\t\t\t\t\t\t\t\t\t\t<a href=\"https:\/\/entasend.com\/wp-content\/uploads\/2025\/06\/Cayirova-Katalog.pdf\">\n\t\t\t\t\t\t\t<img loading=\"lazy\" decoding=\"async\" width=\"1080\" height=\"1080\" src=\"https:\/\/entasend.com\/wp-content\/uploads\/2025\/05\/cayirovaboru2.jpg\" class=\"elementor-animation-grow attachment-full size-full wp-image-379\" srcset=\"https:\/\/entasend.com\/wp-content\/uploads\/2025\/05\/cayirovaboru2.jpg 1080w, https:\/\/entasend.com\/wp-content\/uploads\/2025\/05\/cayirovaboru2-300x300.jpg 300w, https:\/\/entasend.com\/wp-content\/uploads\/2025\/05\/cayirovaboru2-1024x1024.jpg 1024w, https:\/\/entasend.com\/wp-content\/uploads\/2025\/05\/cayirovaboru2-150x150.jpg 150w, https:\/\/entasend.com\/wp-content\/uploads\/2025\/05\/cayirovaboru2-768x768.jpg 768w, https:\/\/entasend.com\/wp-content\/uploads\/2025\/05\/cayirovaboru2-525x525.jpg 525w, https:\/\/entasend.com\/wp-content\/uploads\/2025\/05\/cayirovaboru2-80x80.jpg 80w, https:\/\/entasend.com\/wp-content\/uploads\/2025\/05\/cayirovaboru2-360x360.jpg 360w, https:\/\/entasend.com\/wp-content\/uploads\/2025\/05\/cayirovaboru2-373x373.jpg 373w, https:\/\/entasend.com\/wp-content\/uploads\/2025\/05\/cayirovaboru2-620x620.jpg 620w, https:\/\/entasend.com\/wp-content\/uploads\/2025\/05\/cayirovaboru2-460x460.jpg 460w, https:\/\/entasend.com\/wp-content\/uploads\/2025\/05\/cayirovaboru2-365x365.jpg 365w\" sizes=\"auto, (max-width: 1080px) 100vw, 1080px\"  alt=\"cayirovaboru2\" \/>\t\t\t\t\t\t\t\t<\/a>\n\t\t\t\t\t\t\t\t\t\t\t\t\t\t\t<\/div>\n\t\t\t\t<\/div>\n\t\t\t\t<div class=\"elementor-element elementor-element-d35b8e3 elementor-widget elementor-widget-avas-button\" data-id=\"d35b8e3\" data-element_type=\"widget\" data-e-type=\"widget\" data-widget_type=\"avas-button.default\">\n\t\t\t\t<div class=\"elementor-widget-container\">\n\t\t\t\t\t\n        <div class=\"tx-btn-wrap style-5\">\n            \n           <a data-hover=\"\u00c7ay\u0131rova Katalo\u011fu\" href=\"https:\/\/entasend.com\/wp-content\/uploads\/2025\/06\/Cayirova-Katalog.pdf\" class=\"tx-btn-link\" target=\"_self\" >\n\n                        <span class=\"tx-btn-icon tx-btn-align-left\">\n                <i aria-hidden=\"true\" class=\"lnr lnr-arrow-right-circle\"><\/i>            <\/span>\n            \n            Katalog \u0130\u00e7in T\u0131klay\u0131n\u0131z\n            \n            \n           <\/a>\n          \n        <\/div><!-- tx-btn-wrap -->\n        \n        \n\t\t\t\t<\/div>\n\t\t\t\t<\/div>\n\t\t\t\t<\/div>\n\t\t<div class=\"elementor-element elementor-element-8ced635 e-con-full e-flex e-con e-child\" data-id=\"8ced635\" data-element_type=\"container\" data-e-type=\"container\">\n\t\t\t\t<div class=\"elementor-element elementor-element-9408590 elementor-widget elementor-widget-avas-image\" data-id=\"9408590\" data-element_type=\"widget\" data-e-type=\"widget\" data-widget_type=\"avas-image.default\">\n\t\t\t\t<div class=\"elementor-widget-container\">\n\t\t\t\t\t\t\t\t\t\t\t\t\t\t\t\t<a href=\"https:\/\/entasend.com\/wp-content\/uploads\/2025\/06\/Duyar-Vana-Katalog.pdf\">\n\t\t\t\t\t\t\t<img loading=\"lazy\" decoding=\"async\" width=\"1080\" height=\"1080\" src=\"https:\/\/entasend.com\/wp-content\/uploads\/2025\/05\/10.jpg\" class=\"elementor-animation-grow attachment-full size-full wp-image-393\" srcset=\"https:\/\/entasend.com\/wp-content\/uploads\/2025\/05\/10.jpg 1080w, https:\/\/entasend.com\/wp-content\/uploads\/2025\/05\/10-300x300.jpg 300w, https:\/\/entasend.com\/wp-content\/uploads\/2025\/05\/10-1024x1024.jpg 1024w, https:\/\/entasend.com\/wp-content\/uploads\/2025\/05\/10-150x150.jpg 150w, https:\/\/entasend.com\/wp-content\/uploads\/2025\/05\/10-768x768.jpg 768w, https:\/\/entasend.com\/wp-content\/uploads\/2025\/05\/10-525x525.jpg 525w, https:\/\/entasend.com\/wp-content\/uploads\/2025\/05\/10-80x80.jpg 80w, https:\/\/entasend.com\/wp-content\/uploads\/2025\/05\/10-360x360.jpg 360w, https:\/\/entasend.com\/wp-content\/uploads\/2025\/05\/10-373x373.jpg 373w, https:\/\/entasend.com\/wp-content\/uploads\/2025\/05\/10-620x620.jpg 620w, https:\/\/entasend.com\/wp-content\/uploads\/2025\/05\/10-460x460.jpg 460w, https:\/\/entasend.com\/wp-content\/uploads\/2025\/05\/10-365x365.jpg 365w\" sizes=\"auto, (max-width: 1080px) 100vw, 1080px\"  alt=\"10\" \/>\t\t\t\t\t\t\t\t<\/a>\n\t\t\t\t\t\t\t\t\t\t\t\t\t\t\t<\/div>\n\t\t\t\t<\/div>\n\t\t\t\t<div class=\"elementor-element elementor-element-d6c3da3 elementor-widget elementor-widget-avas-button\" data-id=\"d6c3da3\" data-element_type=\"widget\" data-e-type=\"widget\" data-widget_type=\"avas-button.default\">\n\t\t\t\t<div class=\"elementor-widget-container\">\n\t\t\t\t\t\n        <div class=\"tx-btn-wrap style-5\">\n            \n           <a data-hover=\"Duyar Katalo\u011fu\" href=\"https:\/\/entasend.com\/wp-content\/uploads\/2025\/06\/Duyar-Vana-Katalog.pdf\" class=\"tx-btn-link\" target=\"_self\" >\n\n                        <span class=\"tx-btn-icon tx-btn-align-left\">\n                <i aria-hidden=\"true\" class=\"lnr lnr-arrow-right-circle\"><\/i>            <\/span>\n            \n            Katalog \u0130\u00e7in T\u0131klay\u0131n\u0131z\n            \n            \n           <\/a>\n          \n        <\/div><!-- tx-btn-wrap -->\n        \n        \n\t\t\t\t<\/div>\n\t\t\t\t<\/div>\n\t\t\t\t<\/div>\n\t\t<div class=\"elementor-element elementor-element-14c826c e-con-full e-flex e-con e-child\" data-id=\"14c826c\" data-element_type=\"container\" data-e-type=\"container\">\n\t\t\t\t<div class=\"elementor-element elementor-element-dd17a3e elementor-widget elementor-widget-avas-image\" data-id=\"dd17a3e\" data-element_type=\"widget\" data-e-type=\"widget\" data-widget_type=\"avas-image.default\">\n\t\t\t\t<div class=\"elementor-widget-container\">\n\t\t\t\t\t\t\t\t\t\t\t\t\t\t\t\t<a href=\"https:\/\/entasend.com\/wp-content\/uploads\/2025\/06\/Hakan-Plastik-Katalog.pdf\">\n\t\t\t\t\t\t\t<img loading=\"lazy\" decoding=\"async\" width=\"1350\" height=\"1350\" src=\"https:\/\/entasend.com\/wp-content\/uploads\/2025\/05\/hakanplastik.jpg\" class=\"elementor-animation-grow attachment-full size-full wp-image-561\" srcset=\"https:\/\/entasend.com\/wp-content\/uploads\/2025\/05\/hakanplastik.jpg 1350w, https:\/\/entasend.com\/wp-content\/uploads\/2025\/05\/hakanplastik-300x300.jpg 300w, https:\/\/entasend.com\/wp-content\/uploads\/2025\/05\/hakanplastik-1024x1024.jpg 1024w, https:\/\/entasend.com\/wp-content\/uploads\/2025\/05\/hakanplastik-150x150.jpg 150w, https:\/\/entasend.com\/wp-content\/uploads\/2025\/05\/hakanplastik-768x768.jpg 768w, https:\/\/entasend.com\/wp-content\/uploads\/2025\/05\/hakanplastik-525x525.jpg 525w, https:\/\/entasend.com\/wp-content\/uploads\/2025\/05\/hakanplastik-80x80.jpg 80w, https:\/\/entasend.com\/wp-content\/uploads\/2025\/05\/hakanplastik-360x360.jpg 360w, https:\/\/entasend.com\/wp-content\/uploads\/2025\/05\/hakanplastik-373x373.jpg 373w, https:\/\/entasend.com\/wp-content\/uploads\/2025\/05\/hakanplastik-620x620.jpg 620w, https:\/\/entasend.com\/wp-content\/uploads\/2025\/05\/hakanplastik-460x460.jpg 460w, https:\/\/entasend.com\/wp-content\/uploads\/2025\/05\/hakanplastik-365x365.jpg 365w\" sizes=\"auto, (max-width: 1350px) 100vw, 1350px\"  alt=\"hakanplastik\" \/>\t\t\t\t\t\t\t\t<\/a>\n\t\t\t\t\t\t\t\t\t\t\t\t\t\t\t<\/div>\n\t\t\t\t<\/div>\n\t\t\t\t<div class=\"elementor-element elementor-element-950173a elementor-widget elementor-widget-avas-button\" data-id=\"950173a\" data-element_type=\"widget\" data-e-type=\"widget\" data-widget_type=\"avas-button.default\">\n\t\t\t\t<div class=\"elementor-widget-container\">\n\t\t\t\t\t\n        <div class=\"tx-btn-wrap style-5\">\n            \n           <a data-hover=\"Hakan Plastik Katalo\u011fu\" href=\"https:\/\/entasend.com\/wp-content\/uploads\/2025\/06\/Hakan-Plastik-Katalog.pdf\" class=\"tx-btn-link\" target=\"_self\" >\n\n                        <span class=\"tx-btn-icon tx-btn-align-left\">\n                <i aria-hidden=\"true\" class=\"lnr lnr-arrow-right-circle\"><\/i>            <\/span>\n            \n            Katalog \u0130\u00e7in T\u0131klay\u0131n\u0131z\n            \n            \n           <\/a>\n          \n        <\/div><!-- tx-btn-wrap -->\n        \n        \n\t\t\t\t<\/div>\n\t\t\t\t<\/div>\n\t\t\t\t<\/div>\n\t\t<div class=\"elementor-element elementor-element-e27a8af e-con-full e-flex e-con e-child\" data-id=\"e27a8af\" data-element_type=\"container\" data-e-type=\"container\">\n\t\t\t\t<div class=\"elementor-element elementor-element-10d4290 elementor-widget elementor-widget-avas-image\" data-id=\"10d4290\" data-element_type=\"widget\" data-e-type=\"widget\" data-widget_type=\"avas-image.default\">\n\t\t\t\t<div class=\"elementor-widget-container\">\n\t\t\t\t\t\t\t\t\t\t\t\t\t\t\t\t<a href=\"https:\/\/entasend.com\/wp-content\/uploads\/2025\/06\/Sardogan-Katalog.pdf\">\n\t\t\t\t\t\t\t<img loading=\"lazy\" decoding=\"async\" width=\"1350\" height=\"1350\" src=\"https:\/\/entasend.com\/wp-content\/uploads\/2025\/05\/sardogan.jpg\" class=\"elementor-animation-grow attachment-full size-full wp-image-626\" srcset=\"https:\/\/entasend.com\/wp-content\/uploads\/2025\/05\/sardogan.jpg 1350w, https:\/\/entasend.com\/wp-content\/uploads\/2025\/05\/sardogan-300x300.jpg 300w, https:\/\/entasend.com\/wp-content\/uploads\/2025\/05\/sardogan-1024x1024.jpg 1024w, https:\/\/entasend.com\/wp-content\/uploads\/2025\/05\/sardogan-150x150.jpg 150w, https:\/\/entasend.com\/wp-content\/uploads\/2025\/05\/sardogan-768x768.jpg 768w, https:\/\/entasend.com\/wp-content\/uploads\/2025\/05\/sardogan-525x525.jpg 525w, https:\/\/entasend.com\/wp-content\/uploads\/2025\/05\/sardogan-80x80.jpg 80w, https:\/\/entasend.com\/wp-content\/uploads\/2025\/05\/sardogan-360x360.jpg 360w, https:\/\/entasend.com\/wp-content\/uploads\/2025\/05\/sardogan-373x373.jpg 373w, https:\/\/entasend.com\/wp-content\/uploads\/2025\/05\/sardogan-620x620.jpg 620w, https:\/\/entasend.com\/wp-content\/uploads\/2025\/05\/sardogan-460x460.jpg 460w, https:\/\/entasend.com\/wp-content\/uploads\/2025\/05\/sardogan-365x365.jpg 365w\" sizes=\"auto, (max-width: 1350px) 100vw, 1350px\"  alt=\"sardogan\" \/>\t\t\t\t\t\t\t\t<\/a>\n\t\t\t\t\t\t\t\t\t\t\t\t\t\t\t<\/div>\n\t\t\t\t<\/div>\n\t\t\t\t<div class=\"elementor-element elementor-element-14be2a9 elementor-widget elementor-widget-avas-button\" data-id=\"14be2a9\" data-element_type=\"widget\" data-e-type=\"widget\" data-widget_type=\"avas-button.default\">\n\t\t\t\t<div class=\"elementor-widget-container\">\n\t\t\t\t\t\n        <div class=\"tx-btn-wrap style-5\">\n            \n           <a data-hover=\"Sardo\u011fan Katalo\u011fu\" href=\"https:\/\/entasend.com\/wp-content\/uploads\/2025\/06\/Sardogan-Katalog.pdf\" class=\"tx-btn-link\" target=\"_self\" >\n\n                        <span class=\"tx-btn-icon tx-btn-align-left\">\n                <i aria-hidden=\"true\" class=\"lnr lnr-arrow-right-circle\"><\/i>            <\/span>\n            \n            Katalog \u0130\u00e7in T\u0131klay\u0131n\u0131z\n            \n            \n           <\/a>\n          \n        <\/div><!-- tx-btn-wrap -->\n        \n        \n\t\t\t\t<\/div>\n\t\t\t\t<\/div>\n\t\t\t\t<\/div>\n\t\t\t\t<\/div>\n\t\t<div class=\"elementor-element elementor-element-904f6d9 e-flex e-con-boxed e-con e-parent\" data-id=\"904f6d9\" data-element_type=\"container\" data-e-type=\"container\">\n\t\t\t\t\t<div class=\"e-con-inner\">\n\t\t<div class=\"elementor-element elementor-element-765816d e-con-full e-flex e-con e-child\" data-id=\"765816d\" data-element_type=\"container\" data-e-type=\"container\">\n\t\t\t\t<div class=\"elementor-element elementor-element-455fb34 elementor-widget elementor-widget-avas-image\" data-id=\"455fb34\" data-element_type=\"widget\" data-e-type=\"widget\" data-widget_type=\"avas-image.default\">\n\t\t\t\t<div class=\"elementor-widget-container\">\n\t\t\t\t\t\t\t\t\t\t\t\t\t\t\t\t<a href=\"https:\/\/entasend.com\/wp-content\/uploads\/2025\/06\/Trakya-Dokum-Katalog-3.pdf\">\n\t\t\t\t\t\t\t<img loading=\"lazy\" decoding=\"async\" width=\"1080\" height=\"1080\" src=\"https:\/\/entasend.com\/wp-content\/uploads\/2025\/05\/5.jpg\" class=\"elementor-animation-grow attachment-full size-full wp-image-388\" srcset=\"https:\/\/entasend.com\/wp-content\/uploads\/2025\/05\/5.jpg 1080w, https:\/\/entasend.com\/wp-content\/uploads\/2025\/05\/5-300x300.jpg 300w, https:\/\/entasend.com\/wp-content\/uploads\/2025\/05\/5-1024x1024.jpg 1024w, https:\/\/entasend.com\/wp-content\/uploads\/2025\/05\/5-150x150.jpg 150w, https:\/\/entasend.com\/wp-content\/uploads\/2025\/05\/5-768x768.jpg 768w, https:\/\/entasend.com\/wp-content\/uploads\/2025\/05\/5-525x525.jpg 525w, https:\/\/entasend.com\/wp-content\/uploads\/2025\/05\/5-80x80.jpg 80w, https:\/\/entasend.com\/wp-content\/uploads\/2025\/05\/5-360x360.jpg 360w, https:\/\/entasend.com\/wp-content\/uploads\/2025\/05\/5-373x373.jpg 373w, https:\/\/entasend.com\/wp-content\/uploads\/2025\/05\/5-620x620.jpg 620w, https:\/\/entasend.com\/wp-content\/uploads\/2025\/05\/5-460x460.jpg 460w, https:\/\/entasend.com\/wp-content\/uploads\/2025\/05\/5-365x365.jpg 365w\" sizes=\"auto, (max-width: 1080px) 100vw, 1080px\"  alt=\"5\" \/>\t\t\t\t\t\t\t\t<\/a>\n\t\t\t\t\t\t\t\t\t\t\t\t\t\t\t<\/div>\n\t\t\t\t<\/div>\n\t\t\t\t<div class=\"elementor-element elementor-element-0b4b107 elementor-widget elementor-widget-avas-button\" data-id=\"0b4b107\" data-element_type=\"widget\" data-e-type=\"widget\" data-widget_type=\"avas-button.default\">\n\t\t\t\t<div class=\"elementor-widget-container\">\n\t\t\t\t\t\n        <div class=\"tx-btn-wrap style-5\">\n            \n           <a data-hover=\"Trakya D\u00f6k\u00fcm Katalo\u011fu\" href=\"https:\/\/entasend.com\/wp-content\/uploads\/2025\/06\/Trakya-Dokum-Katalog-3.pdf\" class=\"tx-btn-link\" target=\"_self\" >\n\n                        <span class=\"tx-btn-icon tx-btn-align-left\">\n                <i aria-hidden=\"true\" class=\"lnr lnr-arrow-right-circle\"><\/i>            <\/span>\n            \n            Katalog \u0130\u00e7in T\u0131klay\u0131n\u0131z\n            \n            \n           <\/a>\n          \n        <\/div><!-- tx-btn-wrap -->\n        \n        \n\t\t\t\t<\/div>\n\t\t\t\t<\/div>\n\t\t\t\t<\/div>\n\t\t<div class=\"elementor-element elementor-element-3164bef e-con-full e-flex e-con e-child\" data-id=\"3164bef\" data-element_type=\"container\" data-e-type=\"container\">\n\t\t\t\t<div class=\"elementor-element elementor-element-fafc578 elementor-widget elementor-widget-avas-image\" data-id=\"fafc578\" data-element_type=\"widget\" data-e-type=\"widget\" data-widget_type=\"avas-image.default\">\n\t\t\t\t<div class=\"elementor-widget-container\">\n\t\t\t\t\t\t\t\t\t\t\t\t\t\t\t\t<a href=\"https:\/\/entasend.com\/wp-content\/uploads\/2025\/06\/UNIVAL-YANGIN-KATALOGU.pdf\">\n\t\t\t\t\t\t\t<img loading=\"lazy\" decoding=\"async\" width=\"1620\" height=\"1620\" src=\"https:\/\/entasend.com\/wp-content\/uploads\/2025\/05\/unival.jpg\" class=\"elementor-animation-grow attachment-full size-full wp-image-636\" srcset=\"https:\/\/entasend.com\/wp-content\/uploads\/2025\/05\/unival.jpg 1620w, https:\/\/entasend.com\/wp-content\/uploads\/2025\/05\/unival-300x300.jpg 300w, https:\/\/entasend.com\/wp-content\/uploads\/2025\/05\/unival-1024x1024.jpg 1024w, https:\/\/entasend.com\/wp-content\/uploads\/2025\/05\/unival-150x150.jpg 150w, https:\/\/entasend.com\/wp-content\/uploads\/2025\/05\/unival-768x768.jpg 768w, https:\/\/entasend.com\/wp-content\/uploads\/2025\/05\/unival-1536x1536.jpg 1536w, https:\/\/entasend.com\/wp-content\/uploads\/2025\/05\/unival-525x525.jpg 525w, https:\/\/entasend.com\/wp-content\/uploads\/2025\/05\/unival-80x80.jpg 80w, https:\/\/entasend.com\/wp-content\/uploads\/2025\/05\/unival-360x360.jpg 360w, https:\/\/entasend.com\/wp-content\/uploads\/2025\/05\/unival-373x373.jpg 373w, https:\/\/entasend.com\/wp-content\/uploads\/2025\/05\/unival-620x620.jpg 620w, https:\/\/entasend.com\/wp-content\/uploads\/2025\/05\/unival-460x460.jpg 460w, https:\/\/entasend.com\/wp-content\/uploads\/2025\/05\/unival-365x365.jpg 365w\" sizes=\"auto, (max-width: 1620px) 100vw, 1620px\"  alt=\"unival\" \/>\t\t\t\t\t\t\t\t<\/a>\n\t\t\t\t\t\t\t\t\t\t\t\t\t\t\t<\/div>\n\t\t\t\t<\/div>\n\t\t\t\t<div class=\"elementor-element elementor-element-28933bc elementor-widget elementor-widget-avas-button\" data-id=\"28933bc\" data-element_type=\"widget\" data-e-type=\"widget\" data-widget_type=\"avas-button.default\">\n\t\t\t\t<div class=\"elementor-widget-container\">\n\t\t\t\t\t\n        <div class=\"tx-btn-wrap style-5\">\n            \n           <a data-hover=\"Unival Katalo\u011fu\" href=\"https:\/\/entasend.com\/wp-content\/uploads\/2025\/06\/UNIVAL-YANGIN-KATALOGU.pdf\" class=\"tx-btn-link\" target=\"_self\" >\n\n                        <span class=\"tx-btn-icon tx-btn-align-left\">\n                <i aria-hidden=\"true\" class=\"lnr lnr-arrow-right-circle\"><\/i>            <\/span>\n            \n            Katalog \u0130\u00e7in T\u0131klay\u0131n\u0131z\n            \n            \n           <\/a>\n          \n        <\/div><!-- tx-btn-wrap -->\n        \n        \n\t\t\t\t<\/div>\n\t\t\t\t<\/div>\n\t\t\t\t<\/div>\n\t\t<div class=\"elementor-element elementor-element-cedfe7e e-con-full e-flex e-con e-child\" data-id=\"cedfe7e\" data-element_type=\"container\" data-e-type=\"container\">\n\t\t\t\t<div class=\"elementor-element elementor-element-7c5db47 elementor-widget elementor-widget-avas-image\" data-id=\"7c5db47\" data-element_type=\"widget\" data-e-type=\"widget\" data-widget_type=\"avas-image.default\">\n\t\t\t\t<div class=\"elementor-widget-container\">\n\t\t\t\t\t\t\t\t\t\t\t\t\t\t\t\t<a href=\"https:\/\/entasend.com\/wp-content\/uploads\/2025\/06\/Pimtas-Katalog.pdf\">\n\t\t\t\t\t\t\t<img loading=\"lazy\" decoding=\"async\" width=\"1350\" height=\"1350\" src=\"https:\/\/entasend.com\/wp-content\/uploads\/2025\/06\/unnamed-file.jpg\" class=\"elementor-animation-grow attachment-full size-full wp-image-756\" srcset=\"https:\/\/entasend.com\/wp-content\/uploads\/2025\/06\/unnamed-file.jpg 1350w, https:\/\/entasend.com\/wp-content\/uploads\/2025\/06\/unnamed-file-300x300.jpg 300w, https:\/\/entasend.com\/wp-content\/uploads\/2025\/06\/unnamed-file-1024x1024.jpg 1024w, https:\/\/entasend.com\/wp-content\/uploads\/2025\/06\/unnamed-file-150x150.jpg 150w, https:\/\/entasend.com\/wp-content\/uploads\/2025\/06\/unnamed-file-768x768.jpg 768w, https:\/\/entasend.com\/wp-content\/uploads\/2025\/06\/unnamed-file-12x12.jpg 12w, https:\/\/entasend.com\/wp-content\/uploads\/2025\/06\/unnamed-file-525x525.jpg 525w, https:\/\/entasend.com\/wp-content\/uploads\/2025\/06\/unnamed-file-80x80.jpg 80w, https:\/\/entasend.com\/wp-content\/uploads\/2025\/06\/unnamed-file-360x360.jpg 360w, https:\/\/entasend.com\/wp-content\/uploads\/2025\/06\/unnamed-file-373x373.jpg 373w, https:\/\/entasend.com\/wp-content\/uploads\/2025\/06\/unnamed-file-620x620.jpg 620w, https:\/\/entasend.com\/wp-content\/uploads\/2025\/06\/unnamed-file-460x460.jpg 460w, https:\/\/entasend.com\/wp-content\/uploads\/2025\/06\/unnamed-file-365x365.jpg 365w\" sizes=\"auto, (max-width: 1350px) 100vw, 1350px\"  alt=\",\" \/>\t\t\t\t\t\t\t\t<\/a>\n\t\t\t\t\t\t\t\t\t\t\t\t\t\t\t<\/div>\n\t\t\t\t<\/div>\n\t\t\t\t<div class=\"elementor-element elementor-element-2c910b3 elementor-widget elementor-widget-avas-button\" data-id=\"2c910b3\" data-element_type=\"widget\" data-e-type=\"widget\" data-widget_type=\"avas-button.default\">\n\t\t\t\t<div class=\"elementor-widget-container\">\n\t\t\t\t\t\n        <div class=\"tx-btn-wrap style-5\">\n            \n           <a data-hover=\"Pimta\u015f Katalo\u011fu\" href=\"https:\/\/entasend.com\/wp-content\/uploads\/2025\/06\/Pimtas-Katalog.pdf\" class=\"tx-btn-link\" target=\"_self\" >\n\n                        <span class=\"tx-btn-icon tx-btn-align-left\">\n                <i aria-hidden=\"true\" class=\"lnr lnr-arrow-right-circle\"><\/i>            <\/span>\n            \n            Katalog \u0130\u00e7in T\u0131klay\u0131n\u0131z\n            \n            \n           <\/a>\n          \n        <\/div><!-- tx-btn-wrap -->\n        \n        \n\t\t\t\t<\/div>\n\t\t\t\t<\/div>\n\t\t\t\t<\/div>\n\t\t\t\t\t<\/div>\n\t\t\t\t<\/div>\n\t\t<div class=\"elementor-element elementor-element-d02868d e-flex e-con-boxed e-con e-parent\" data-id=\"d02868d\" data-element_type=\"container\" data-e-type=\"container\">\n\t\t\t\t\t<div class=\"e-con-inner\">\n\t\t<div class=\"elementor-element elementor-element-d2bacfd e-con-full e-flex e-con e-child\" data-id=\"d2bacfd\" data-element_type=\"container\" data-e-type=\"container\">\n\t\t\t\t<\/div>\n\t\t<div class=\"elementor-element elementor-element-eb23644 e-con-full e-flex e-con e-child\" data-id=\"eb23644\" data-element_type=\"container\" data-e-type=\"container\">\n\t\t\t\t<\/div>\n\t\t<div class=\"elementor-element elementor-element-1b4fd3f e-con-full e-flex e-con e-child\" data-id=\"1b4fd3f\" data-element_type=\"container\" data-e-type=\"container\">\n\t\t\t\t<\/div>\n\t\t\t\t\t<\/div>\n\t\t\t\t<\/div>\n\t\t\t\t<\/div>","protected":false},"excerpt":{"rendered":"<p class=\"tx-excerpt\">Firman\u0131za \u00d6zel Teklif Al\u0131n Bize Ula\u015f\u0131n Katalog \u0130\u00e7in T\u0131klay\u0131n\u0131z Katalog \u0130\u00e7in T\u0131klay\u0131n\u0131z Katalog \u0130\u00e7in T\u0131klay\u0131n\u0131z Katalog \u0130\u00e7in T\u0131klay\u0131n\u0131z Katalog \u0130\u00e7in T\u0131klay\u0131n\u0131z Katalog \u0130\u00e7in T\u0131klay\u0131n\u0131z Katalog \u0130\u00e7in T\u0131klay\u0131n\u0131z\n<\/p>","protected":false},"author":1,"featured_media":0,"parent":0,"menu_order":0,"comment_status":"closed","ping_status":"closed","template":"","meta":{"footnotes":""},"class_list":["post-137","page","type-page","status-publish","hentry"],"_links":{"self":[{"href":"https:\/\/entasend.com\/en\/wp-json\/wp\/v2\/pages\/137","targetHints":{"allow":["GET"]}}],"collection":[{"href":"https:\/\/entasend.com\/en\/wp-json\/wp\/v2\/pages"}],"about":[{"href":"https:\/\/entasend.com\/en\/wp-json\/wp\/v2\/types\/page"}],"author":[{"embeddable":true,"href":"https:\/\/entasend.com\/en\/wp-json\/wp\/v2\/users\/1"}],"replies":[{"embeddable":true,"href":"https:\/\/entasend.com\/en\/wp-json\/wp\/v2\/comments?post=137"}],"version-history":[{"count":19,"href":"https:\/\/entasend.com\/en\/wp-json\/wp\/v2\/pages\/137\/revisions"}],"predecessor-version":[{"id":804,"href":"https:\/\/entasend.com\/en\/wp-json\/wp\/v2\/pages\/137\/revisions\/804"}],"wp:attachment":[{"href":"https:\/\/entasend.com\/en\/wp-json\/wp\/v2\/media?parent=137"}],"curies":[{"name":"wp","href":"https:\/\/api.w.org\/{rel}","templated":true}]}}