{"id":286,"date":"2019-10-29T15:26:16","date_gmt":"2019-10-29T15:26:16","guid":{"rendered":"https:\/\/x-theme.net\/avas-business\/?page_id=286"},"modified":"2025-05-25T18:40:57","modified_gmt":"2025-05-25T15:40:57","slug":"hakkimizda","status":"publish","type":"page","link":"https:\/\/entasend.com\/en\/hakkimizda\/","title":{"rendered":"ABOUT US"},"content":{"rendered":"<div data-elementor-type=\"wp-page\" data-elementor-id=\"286\" class=\"elementor elementor-286\">\n\t\t\t\t<div class=\"elementor-element elementor-element-1c273aa e-flex e-con-boxed e-con e-parent\" data-id=\"1c273aa\" data-element_type=\"container\" data-e-type=\"container\">\n\t\t\t\t\t<div class=\"e-con-inner\">\n\t\t\t\t<div class=\"elementor-element elementor-element-1ee232b elementor-widget elementor-widget-spacer\" data-id=\"1ee232b\" data-element_type=\"widget\" data-e-type=\"widget\" data-widget_type=\"spacer.default\">\n\t\t\t\t<div class=\"elementor-widget-container\">\n\t\t\t\t\t\t\t<div class=\"elementor-spacer\">\n\t\t\t<div class=\"elementor-spacer-inner\"><\/div>\n\t\t<\/div>\n\t\t\t\t\t\t<\/div>\n\t\t\t\t<\/div>\n\t\t\t\t\t<\/div>\n\t\t\t\t<\/div>\n\t\t\t\t<section class=\"elementor-section elementor-top-section elementor-element elementor-element-6611389e elementor-section-stretched elementor-section-content-middle elementor-section-boxed elementor-section-height-default elementor-section-height-default\" data-id=\"6611389e\" data-element_type=\"section\" data-e-type=\"section\" data-settings=\"{&quot;stretch_section&quot;:&quot;section-stretched&quot;,&quot;background_background&quot;:&quot;classic&quot;}\">\n\t\t\t\t\t\t<div class=\"elementor-container elementor-column-gap-default\">\n\t\t\t\t\t<div class=\"elementor-column elementor-col-50 elementor-top-column elementor-element elementor-element-4123945c\" data-id=\"4123945c\" data-element_type=\"column\" data-e-type=\"column\">\n\t\t\t<div class=\"elementor-widget-wrap elementor-element-populated\">\n\t\t\t\t\t\t<div class=\"elementor-element elementor-element-a0dd79f tx-hd-align-left elementor-widget elementor-widget-avas-heading\" data-id=\"a0dd79f\" data-element_type=\"widget\" data-e-type=\"widget\" data-widget_type=\"avas-heading.default\">\n\t\t\t\t<div class=\"elementor-widget-container\">\n\t\t\t\t\t        <div class=\"tx-hd-wrap\">\n\n            <div class=\"tx-hd-wm\"><\/div>\n\n            \n            <div class=\"tx-hd-sub\"><\/div>\n                        <h2 class=\"tx-hd-title\">\n                <span class=\"tx-hd-first-part\">Enta\u015f End\u00fcstriyel \u00dcr\u00fcnler Ticaret ve Taahh\u00fct A.\u015e<\/span>\n                <span class=\"tx-hd-last-part\"><\/span>\n            <\/h2>    \n            \n            <div class=\"tx-hd-desc\"><p>Our company, which was founded in 1995 under the leadership of Mr. Olgun S\u00f6nmez and Mr. Cemal S\u00f6nmez, has brought its commercial activities to the present day with the trust of its customers and manufacturing companies.<br \/>Our company, which is a leader in the products we sell today, continues its determination to be a solution partner without compromise.<br \/>Hoping to grow even more with your trust...<\/p><\/div>\n\n\n                   \n        <\/div><!-- tx-hd-wrap -->\n\n\n\n\n\n\n\n\n\t\t\t\t<\/div>\n\t\t\t\t<\/div>\n\t\t\t\t\t<\/div>\n\t\t<\/div>\n\t\t\t\t<div class=\"elementor-column elementor-col-50 elementor-top-column elementor-element elementor-element-1922ea06\" data-id=\"1922ea06\" data-element_type=\"column\" data-e-type=\"column\">\n\t\t\t<div class=\"elementor-widget-wrap elementor-element-populated\">\n\t\t\t\t\t\t<div class=\"elementor-element elementor-element-dc75346 elementor-widget elementor-widget-image\" data-id=\"dc75346\" data-element_type=\"widget\" data-e-type=\"widget\" data-widget_type=\"image.default\">\n\t\t\t\t<div class=\"elementor-widget-container\">\n\t\t\t\t\t\t\t\t\t\t\t\t\t\t\t<img fetchpriority=\"high\" decoding=\"async\" width=\"2500\" height=\"1488\" src=\"https:\/\/entasend.com\/wp-content\/uploads\/2025\/05\/Entas-Endustriyel-Urunler-Ticaret-ve-Taahhut-A.S.jpg\" class=\"attachment-full size-full wp-image-488\" alt=\"\" srcset=\"https:\/\/entasend.com\/wp-content\/uploads\/2025\/05\/Entas-Endustriyel-Urunler-Ticaret-ve-Taahhut-A.S.jpg 2500w, https:\/\/entasend.com\/wp-content\/uploads\/2025\/05\/Entas-Endustriyel-Urunler-Ticaret-ve-Taahhut-A.S-300x179.jpg 300w, https:\/\/entasend.com\/wp-content\/uploads\/2025\/05\/Entas-Endustriyel-Urunler-Ticaret-ve-Taahhut-A.S-1024x609.jpg 1024w, https:\/\/entasend.com\/wp-content\/uploads\/2025\/05\/Entas-Endustriyel-Urunler-Ticaret-ve-Taahhut-A.S-768x457.jpg 768w, https:\/\/entasend.com\/wp-content\/uploads\/2025\/05\/Entas-Endustriyel-Urunler-Ticaret-ve-Taahhut-A.S-1536x914.jpg 1536w, https:\/\/entasend.com\/wp-content\/uploads\/2025\/05\/Entas-Endustriyel-Urunler-Ticaret-ve-Taahhut-A.S-2048x1219.jpg 2048w, https:\/\/entasend.com\/wp-content\/uploads\/2025\/05\/Entas-Endustriyel-Urunler-Ticaret-ve-Taahhut-A.S-360x214.jpg 360w, https:\/\/entasend.com\/wp-content\/uploads\/2025\/05\/Entas-Endustriyel-Urunler-Ticaret-ve-Taahhut-A.S-373x222.jpg 373w, https:\/\/entasend.com\/wp-content\/uploads\/2025\/05\/Entas-Endustriyel-Urunler-Ticaret-ve-Taahhut-A.S-620x369.jpg 620w, https:\/\/entasend.com\/wp-content\/uploads\/2025\/05\/Entas-Endustriyel-Urunler-Ticaret-ve-Taahhut-A.S-460x274.jpg 460w, https:\/\/entasend.com\/wp-content\/uploads\/2025\/05\/Entas-Endustriyel-Urunler-Ticaret-ve-Taahhut-A.S-365x217.jpg 365w\" sizes=\"(max-width: 2500px) 100vw, 2500px\" \/>\t\t\t\t\t\t\t\t\t\t\t\t\t\t\t<\/div>\n\t\t\t\t<\/div>\n\t\t\t\t\t<\/div>\n\t\t<\/div>\n\t\t\t\t\t<\/div>\n\t\t<\/section>\n\t\t\t\t<\/div>","protected":false},"excerpt":{"rendered":"<p class=\"tx-excerpt\">Enta\u015f End\u00fcstriyel \u00dcr\u00fcnler Ticaret ve Taahh\u00fct A.\u015e 1995 y\u0131l\u0131nda Say\u0131n Olgun S\u00f6nmez ve Cemal S\u00f6nmez beylerin \u00f6nderli\u011finde kurulan firmam\u0131z ticari faaliyetlerini , m\u00fc\u015fterilerinin ve \u00fcretici firmalar\u0131n g\u00fcveni ile bug\u00fcnlere getirmi\u015ftir.G\u00fcn\u00fcm\u00fczde sat\u0131\u015f\u0131n\u0131 yapt\u0131\u011f\u0131m\u0131z \u00fcr\u00fcnlerde lider konumunda...<\/p>","protected":false},"author":1,"featured_media":0,"parent":0,"menu_order":0,"comment_status":"closed","ping_status":"closed","template":"templates\/blank.php","meta":{"footnotes":""},"class_list":["post-286","page","type-page","status-publish","hentry"],"_links":{"self":[{"href":"https:\/\/entasend.com\/en\/wp-json\/wp\/v2\/pages\/286","targetHints":{"allow":["GET"]}}],"collection":[{"href":"https:\/\/entasend.com\/en\/wp-json\/wp\/v2\/pages"}],"about":[{"href":"https:\/\/entasend.com\/en\/wp-json\/wp\/v2\/types\/page"}],"author":[{"embeddable":true,"href":"https:\/\/entasend.com\/en\/wp-json\/wp\/v2\/users\/1"}],"replies":[{"embeddable":true,"href":"https:\/\/entasend.com\/en\/wp-json\/wp\/v2\/comments?post=286"}],"version-history":[{"count":8,"href":"https:\/\/entasend.com\/en\/wp-json\/wp\/v2\/pages\/286\/revisions"}],"predecessor-version":[{"id":706,"href":"https:\/\/entasend.com\/en\/wp-json\/wp\/v2\/pages\/286\/revisions\/706"}],"wp:attachment":[{"href":"https:\/\/entasend.com\/en\/wp-json\/wp\/v2\/media?parent=286"}],"curies":[{"name":"wp","href":"https:\/\/api.w.org\/{rel}","templated":true}]}}